{"id":10,"date":"2025-11-26T21:27:52","date_gmt":"2025-11-27T03:27:52","guid":{"rendered":"https:\/\/agrosa.directorio-comercial.com\/?page_id=10"},"modified":"2025-12-04T01:22:03","modified_gmt":"2025-12-04T07:22:03","slug":"inicio","status":"publish","type":"page","link":"https:\/\/agrosa.directorio-comercial.com\/","title":{"rendered":"Inicio"},"content":{"rendered":"\n<div class=\"wp-block-columns is-layout-flex wp-container-core-columns-is-layout-28f84493 wp-block-columns-is-layout-flex\">\n<div class=\"wp-block-column is-layout-flow wp-block-column-is-layout-flow\" style=\"flex-basis:2%\"><\/div>\n\n\n\n<div class=\"wp-block-column is-layout-flow wp-block-column-is-layout-flow\" style=\"flex-basis:96%\">\n<div class=\"wp-block-group is-content-justification-center is-nowrap is-layout-flex wp-container-core-group-is-layout-23441af8 wp-block-group-is-layout-flex\">\n<img loading=\"lazy\" decoding=\"async\" width=\"1319\" height=\"847\" data-media-id=\"16\" class=\"gb-media-a65f199c\" alt=\"\" src=\"https:\/\/agrosa.directorio-comercial.com\/wp-content\/uploads\/2025\/11\/LOGOTIPO.png\" srcset=\"https:\/\/agrosa.directorio-comercial.com\/wp-content\/uploads\/2025\/11\/LOGOTIPO.png 1319w, https:\/\/agrosa.directorio-comercial.com\/wp-content\/uploads\/2025\/11\/LOGOTIPO-300x193.png 300w, https:\/\/agrosa.directorio-comercial.com\/wp-content\/uploads\/2025\/11\/LOGOTIPO-1024x658.png 1024w, https:\/\/agrosa.directorio-comercial.com\/wp-content\/uploads\/2025\/11\/LOGOTIPO-768x493.png 768w\" sizes=\"auto, (max-width: 1319px) 100vw, 1319px\" \/>\n<\/div>\n<\/div>\n\n\n\n<div class=\"wp-block-column is-layout-flow wp-block-column-is-layout-flow\" style=\"flex-basis:2%\"><\/div>\n<\/div>\n\n\n\n<div class=\"wp-block-group has-global-padding is-layout-constrained wp-block-group-is-layout-constrained\">\n<div class=\"wp-block-group is-vertical is-content-justification-center is-layout-flex wp-container-core-group-is-layout-ce155fab wp-block-group-is-layout-flex\">\n<h2 class=\"wp-block-heading has-text-align-center has-base-color has-text-color has-link-color wp-elements-1fc6fae360768735206c8013ac43bc78\">Conoce un poco de nosotros<\/h2>\n\n\n\n<p class=\"gb-text gb-text-5965aed5\">Agrosa es tu aliado en el campo y la industria. Ofrecemos lubricantes de alto rendimiento que protegen tu maquinaria, aumentan su vida \u00fatil y te ayudan a trabajar con mayor potencia y eficiencia. Contamos con atenci\u00f3n personalizada, entrega r\u00e1pida y las mejores marcas para que tu equipo nunca se detenga. \u00a1Calidad, confianza y soluciones que impulsan tu productividad!<\/p>\n\n\n\n\n\n\n<\/div>\n<\/div>\n\n\n\n<p><\/p>\n","protected":false},"excerpt":{"rendered":"<p>Conoce un poco de nosotros Agrosa es tu aliado en el campo y la industria. Ofrecemos lubricantes de alto rendimiento que protegen tu maquinaria, aumentan su vida \u00fatil y te ayudan a trabajar con mayor potencia y eficiencia. Contamos con atenci\u00f3n personalizada, entrega r\u00e1pida y las mejores marcas para que tu equipo nunca se detenga. [&hellip;]<\/p>\n","protected":false},"author":1,"featured_media":0,"parent":0,"menu_order":0,"comment_status":"closed","ping_status":"closed","template":"page-no-title","meta":{"_acf_changed":false,"footnotes":""},"class_list":["post-10","page","type-page","status-publish","hentry"],"acf":[],"_links":{"self":[{"href":"https:\/\/agrosa.directorio-comercial.com\/index.php?rest_route=\/wp\/v2\/pages\/10","targetHints":{"allow":["GET"]}}],"collection":[{"href":"https:\/\/agrosa.directorio-comercial.com\/index.php?rest_route=\/wp\/v2\/pages"}],"about":[{"href":"https:\/\/agrosa.directorio-comercial.com\/index.php?rest_route=\/wp\/v2\/types\/page"}],"author":[{"embeddable":true,"href":"https:\/\/agrosa.directorio-comercial.com\/index.php?rest_route=\/wp\/v2\/users\/1"}],"replies":[{"embeddable":true,"href":"https:\/\/agrosa.directorio-comercial.com\/index.php?rest_route=%2Fwp%2Fv2%2Fcomments&post=10"}],"version-history":[{"count":5,"href":"https:\/\/agrosa.directorio-comercial.com\/index.php?rest_route=\/wp\/v2\/pages\/10\/revisions"}],"predecessor-version":[{"id":70,"href":"https:\/\/agrosa.directorio-comercial.com\/index.php?rest_route=\/wp\/v2\/pages\/10\/revisions\/70"}],"wp:attachment":[{"href":"https:\/\/agrosa.directorio-comercial.com\/index.php?rest_route=%2Fwp%2Fv2%2Fmedia&parent=10"}],"curies":[{"name":"wp","href":"https:\/\/api.w.org\/{rel}","templated":true}]}}